{"id":96,"date":"2023-02-10T20:33:17","date_gmt":"2023-02-10T20:33:17","guid":{"rendered":"https:\/\/scharbachhof-glottertal.de\/?page_id=96"},"modified":"2023-02-10T20:33:20","modified_gmt":"2023-02-10T20:33:20","slug":"gastaufnahmevertrag","status":"publish","type":"page","link":"https:\/\/scharbachhof-glottertal.de\/?page_id=96","title":{"rendered":"Gastaufnahmevertrag"},"content":{"rendered":"\n<p>Wie im Gesch\u00e4ftsleben geht es auch bei der Zimmerreservierung nicht ohne rechtliche Regelung. Eine vom Gast veranlasste und vom Beherbergungsbetrieb akzeptierte Zimmerreservierung begr\u00fcndet zwischen beiden Parteien ein Vertragsverh\u00e4ltnis, den sogenannten \u201eG\u00e4steaufnahmevertrag\u201c (Beherbergungsvertrag), der \u2013 wie alle Vertr\u00e4ge \u2013 von beiden Vertragspartnern einzuhalten ist bzw. nur im Einverst\u00e4ndnis beider Parteien gel\u00f6st werden kann.<\/p>\n\n\n\n<p>Nach Gesetz und st\u00e4ndiger Rechtsprechung beinhaltet der Gastaufnahmevertrag unter anderem folgende Regelungen:<\/p>\n\n\n\n<p>1.\u00a0\u00a0\u00a0Der Gastaufnahmevertrag ist abgeschlossen, sobald das Zimmer oder die Ferienwohnung vom Gast bestellt und vom Vermieter best\u00e4tigt oder, falls eine Zusage aus Zeitgr\u00fcnden nicht mehr m\u00f6glich war, vom Vermieter bereitgestellt worden ist.<br><br>2.\u00a0\u00a0\u00a0Der Abschluss des Gastaufnahmevertrages verpflichtet die Vertragspartner zur Erf\u00fcllung des Vertrages, gleichg\u00fcltig, auf welche Dauer der Vertrag abgeschlossen ist.<br><br>3.\u00a0\u00a0\u00a0Der Vermieter ist verpflichtet, das reservierte Zimmer \/ die Ferienwohnung zur Verf\u00fcgung zu stellen. Andernfalls hat er dem Gast eine andere Unterkunft zu beschaffen oder Schadensersatz zu leisten.<br><br>4.\u00a0\u00a0\u00a0Der Gast ist verpflichtet, den vereinbarten oder betriebs\u00fcblichen Mietpreis f\u00fcr die Vertragsdauer zu entrichten. Dies gilt auch, wenn der Gast vor Beginn des Aufenthaltes vom Vertrag zur\u00fccktritt oder sp\u00e4ter anreist bzw. eher abreist. Bei Nichtinanspruchnahme der vertraglichen Leistungen sind die vom Vermieter ersparten Aufwendungen sowie die Einnahmen aus anderweitiger Vermietung auf den vereinbarten oder betriebs\u00fcblichen Mietpreis anzurechnen. Als ersparte Aufwendung werden in der Regel in Ansatz gebracht:<\/p>\n\n\n\n<p>a.\u00a0\u00a0\u00a040 % des Preises f\u00fcr \u00dcbernachtung\/Vollpension<br>b.\u00a0\u00a0\u00a030 % des Preises f\u00fcr \u00dcbernachtung\/Halbpension<br>c.\u00a0\u00a0\u00a020 % des Preises f\u00fcr \u00dcbernachtung\/Fr\u00fchst\u00fcck<br>d.\u00a0\u00a0\u00a010 % des Preises f\u00fcr eine Ferienwohnung<\/p>\n\n\n\n<p>5.a.\u00a0\u00a0\u00a0Der Vermieter wird nach Treu und Glauben gehalten, nicht in Anspruch genommene Zimmer\/Ferienwohnungen nach M\u00f6glichkeit anderweitig zu vergeben, um Ausf\u00e4lle zu vermeiden.<\/p>\n\n\n\n<p>5.b.\u00a0\u00a0\u00a0Bis zur anderweitigen Vergabe des Zimmers\/Ferienwohnung hat der Gast f\u00fcr die Dauer des Vertrages nach Ziffer 4 errechneten Betrages zu bezahlen.<br><br>6.\u00a0\u00a0\u00a0Ausschlie\u00dflicher Gerichtsstand ist der Betriebsort.<br><br>7.\u00a0\u00a0\u00a0Preisaushang: Alle Zimmer unterliegen der gesetzlich vorgeschriebenen Preisaushangspflicht. Verbindlich ist das vom Beherbergungsbetrieb abgegebene Angebot.<br><br>Als Schutz vor unvorhersehbaren Risiken (Krankheit usw.), die zur Annullierung f\u00fchren k\u00f6nnen, wird der Abschluss einer Reiser\u00fccktrittskostenversicherung empfohlen.<\/p>\n","protected":false},"excerpt":{"rendered":"<p>Wie im Gesch\u00e4ftsleben geht es auch bei der Zimmerreservierung nicht ohne rechtliche Regelung. Eine vom Gast veranlasste und vom Beherbergungsbetrieb akzeptierte Zimmerreservierung begr\u00fcndet zwischen beiden Parteien ein Vertragsverh\u00e4ltnis, den sogenannten \u201eG\u00e4steaufnahmevertrag\u201c (Beherbergungsvertrag), der \u2013 wie alle Vertr\u00e4ge \u2013 von beiden Vertragspartnern einzuhalten ist bzw. nur&nbsp;<a class=\"read-more\" href=\"https:\/\/scharbachhof-glottertal.de\/?page_id=96\">&hellip;<\/a><\/p>\n","protected":false},"author":1,"featured_media":0,"parent":0,"menu_order":0,"comment_status":"closed","ping_status":"closed","template":"","meta":{"footnotes":""},"class_list":["post-96","page","type-page","status-publish","hentry"],"_links":{"self":[{"href":"https:\/\/scharbachhof-glottertal.de\/index.php?rest_route=\/wp\/v2\/pages\/96","targetHints":{"allow":["GET"]}}],"collection":[{"href":"https:\/\/scharbachhof-glottertal.de\/index.php?rest_route=\/wp\/v2\/pages"}],"about":[{"href":"https:\/\/scharbachhof-glottertal.de\/index.php?rest_route=\/wp\/v2\/types\/page"}],"author":[{"embeddable":true,"href":"https:\/\/scharbachhof-glottertal.de\/index.php?rest_route=\/wp\/v2\/users\/1"}],"replies":[{"embeddable":true,"href":"https:\/\/scharbachhof-glottertal.de\/index.php?rest_route=%2Fwp%2Fv2%2Fcomments&post=96"}],"version-history":[{"count":1,"href":"https:\/\/scharbachhof-glottertal.de\/index.php?rest_route=\/wp\/v2\/pages\/96\/revisions"}],"predecessor-version":[{"id":97,"href":"https:\/\/scharbachhof-glottertal.de\/index.php?rest_route=\/wp\/v2\/pages\/96\/revisions\/97"}],"wp:attachment":[{"href":"https:\/\/scharbachhof-glottertal.de\/index.php?rest_route=%2Fwp%2Fv2%2Fmedia&parent=96"}],"curies":[{"name":"wp","href":"https:\/\/api.w.org\/{rel}","templated":true}]}}