{"id":5,"date":"2023-02-10T17:12:59","date_gmt":"2023-02-10T17:12:59","guid":{"rendered":"https:\/\/scharbachhof-glottertal.de\/?page_id=5"},"modified":"2026-01-21T18:18:26","modified_gmt":"2026-01-21T18:18:26","slug":"willkommen-auf-https-scharbachhof-glottertal-de","status":"publish","type":"page","link":"https:\/\/scharbachhof-glottertal.de\/","title":{"rendered":"Der Scharbachhof"},"content":{"rendered":"\n<p class=\"has-medium-font-size\">Erholen Sie sich im Glottertal &#8211; unsere Ferienwohnungen liegen etwas abseits &#8211; aber zentrumsnah &#8211; auf unserem Hof, umgeben von Streuobstwiesen. In n\u00e4chster Umgebung finden Sie auch unsere Damwild-Herde. Auch die Tradition des &#8222;Schnapsbrennens&#8220; wird bei uns aufrecht erhalten.<\/p>\n\n\n\n<div class=\"wp-block-columns is-layout-flex wp-container-core-columns-is-layout-9d6595d7 wp-block-columns-is-layout-flex\">\n<div class=\"wp-block-column is-layout-flow wp-block-column-is-layout-flow\">\n<figure class=\"wp-block-image size-full\"><a href=\"https:\/\/scharbachhof-glottertal.de\/?page_id=2\"><img loading=\"lazy\" decoding=\"async\" width=\"371\" height=\"265\" src=\"https:\/\/scharbachhof-glottertal.de\/wp-content\/uploads\/2026\/01\/gaestehaus_red.jpg\" alt=\"\" class=\"wp-image-263\" srcset=\"https:\/\/scharbachhof-glottertal.de\/wp-content\/uploads\/2026\/01\/gaestehaus_red.jpg 371w, https:\/\/scharbachhof-glottertal.de\/wp-content\/uploads\/2026\/01\/gaestehaus_red-300x214.jpg 300w\" sizes=\"auto, (max-width: 371px) 100vw, 371px\" \/><\/a><figcaption class=\"wp-element-caption\"><a href=\"https:\/\/scharbachhof-glottertal.de\/?page_id=2\" data-type=\"page\" data-id=\"2\">Ferienwohnungen<\/a><\/figcaption><\/figure>\n<\/div>\n\n\n\n<div class=\"wp-block-column is-layout-flow wp-block-column-is-layout-flow\">\n<figure class=\"wp-block-image size-full\"><a href=\"https:\/\/scharbachhof-glottertal.de\/?page_id=44\"><img loading=\"lazy\" decoding=\"async\" width=\"375\" height=\"471\" src=\"https:\/\/scharbachhof-glottertal.de\/wp-content\/uploads\/2023\/02\/Brennerei_kl.jpg\" alt=\"\" class=\"wp-image-45\" srcset=\"https:\/\/scharbachhof-glottertal.de\/wp-content\/uploads\/2023\/02\/Brennerei_kl.jpg 375w, https:\/\/scharbachhof-glottertal.de\/wp-content\/uploads\/2023\/02\/Brennerei_kl-239x300.jpg 239w\" sizes=\"auto, (max-width: 375px) 100vw, 375px\" \/><\/a><figcaption class=\"wp-element-caption\"><a href=\"https:\/\/scharbachhof-glottertal.de\/?page_id=44\" data-type=\"page\" data-id=\"44\">Hausbrennerei<\/a><\/figcaption><\/figure>\n<\/div>\n\n\n\n<div class=\"wp-block-column is-layout-flow wp-block-column-is-layout-flow\">\n<figure class=\"wp-block-image size-full\"><a href=\"https:\/\/scharbachhof-glottertal.de\/?page_id=41\"><img loading=\"lazy\" decoding=\"async\" width=\"500\" height=\"375\" src=\"https:\/\/scharbachhof-glottertal.de\/wp-content\/uploads\/2023\/02\/Tier_Hirsch-e1676053252401.jpg\" alt=\"\" class=\"wp-image-42\" srcset=\"https:\/\/scharbachhof-glottertal.de\/wp-content\/uploads\/2023\/02\/Tier_Hirsch-e1676053252401.jpg 500w, https:\/\/scharbachhof-glottertal.de\/wp-content\/uploads\/2023\/02\/Tier_Hirsch-e1676053252401-300x225.jpg 300w\" sizes=\"auto, (max-width: 500px) 100vw, 500px\" \/><\/a><figcaption class=\"wp-element-caption\"><a href=\"https:\/\/scharbachhof-glottertal.de\/?page_id=41\" data-type=\"page\" data-id=\"41\">Damwild<\/a><\/figcaption><\/figure>\n<\/div>\n<\/div>\n\n\n\n<p class=\"has-medium-font-size\">Der Scharbachhof im Herzen des <a href=\"https:\/\/www.glottertal.de\" target=\"_blank\" rel=\"noreferrer noopener\">Glottertals <\/a>liegt auf einer leichten Anh\u00f6he mit herrlichem Panoramablick!<\/p>\n\n\n\n<p class=\"has-medium-font-size\">H\u00f6henlage: 350 m \u00fcber NN &#8211; Reizvolles, vom Klima bevorzugtes Schwarzwaldtal.<br>Erwerbszweige:<br>\u2022 Landwirtschaftliche Fl\u00e4che: 20 ha<br>\u2022 Wald: 15 ha<br>\u2022 Hausbrennerei: 300 l LA<br>\u2022 Damwildhaltung: ca. 100 Damhirsche<br>\u2022 Obstbau: 550 Streuobstb\u00e4ume<br>\u2022 4 Ferienwohnungen<\/p>\n\n\n\n<hr class=\"wp-block-separator has-alpha-channel-opacity\"\/>\n\n\n\n<h4 class=\"wp-block-heading\">Ein Blick in die nahe Umgebung &#8230;.<\/h4>\n\n\n\n<!-- Final Tiles Grid Gallery for WordPress v3.6.13 free --><style>#ftg-44 .tile .icon { color:#ffffff; }#ftg-44 .ftg-items .loading-bar i { background:#666; }#ftg-44 .ftg-items .loading-bar { background:#fff; }#ftg-44 .tile .icon { font-size:12px; }#ftg-44 .tile .icon { margin: -6px 0 0 -6px; }#ftg-44 .tile .caption-block .text-wrapper span.text { font-size:12px; }#ftg-44 .tile .caption-outside .text-wrapper span.text { font-size:12px; }#ftg-44 .tile .caption-block .text-wrapper span.title { font-size:14px; }#ftg-44 .tile .caption-outside .text-wrapper span.title { font-size:14px; }#ftg-44 .tile { background-color: transparent; }#ftg-44 .tile .caption-block .text-wrapper span.text { color: #ffffff; }#ftg-44 .tile .caption-block .text-wrapper span.title { color: #ffffff; }#ftg-44 .tile .caption-outside .text-wrapper span.text { color: #ffffff; }#ftg-44 .tile .caption-outside .text-wrapper span.title { color: #ffffff; }#ftg-44 .tile .ftg-social a { color: #ffffff; }#ftg-44 .tile .caption-block { transition-timing-function:linear; }#ftg-44 .tile .caption-block { transition-duration:0.25s; }#ftg-44 .tile .tile-inner:before { background-color: #000000; }#ftg-44 .tile .tile-inner:before { background-color: rgba(0, 0, 0, 0.8); }<\/style><a name=\"4\"><\/a><div class=\"final-tiles-gallery  ftg-hover-enabled caption-inside  caption-none caption-middle caption-center\" id=\"ftg-44\" style=\"width: 100%\"><div class='ftg-items'><div class='loading-bar'><i><\/i><\/div><div  class='tile ftg-preload  '><a title=\"Wandern auf dem Leimeneck\" data-lightbox='ftg-44' rel='ftg-44'  class=' tile-inner  ftg-lightbox' href='https:\/\/scharbachhof-glottertal.de\/wp-content\/uploads\/2023\/02\/Wander_Leimeneck.jpg' ><img alt='Wandern auf dem Leimeneck' class='item skip-lazy' data-class='item' data-ftg-source='https:\/\/scharbachhof-glottertal.de\/wp-content\/uploads\/2023\/02\/Wander_Leimeneck.jpg' src='https:\/\/scharbachhof-glottertal.de\/wp-content\/uploads\/2023\/02\/Wander_Leimeneck.jpg' width='1000' height='450' \/><span class='icon fa fa-zoom'><\/span><div class='caption-block'><div class='text-wrapper'><span class='title'>Wandern auf dem Leimeneck<\/span><span class='text'>Wandern auf dem Leimeneck<\/span><\/div><\/div><\/a><div class='ftg-social'><\/div><\/div><div  class='tile ftg-preload  '><a title=\"Blick ins Glottertal\" data-lightbox='ftg-44' rel='ftg-44'  class=' tile-inner  ftg-lightbox' href='https:\/\/scharbachhof-glottertal.de\/wp-content\/uploads\/2023\/02\/Blick-ins-Glottertal.jpg' ><img alt='Blick ins Glottertal' class='item skip-lazy' data-class='item' data-ftg-source='https:\/\/scharbachhof-glottertal.de\/wp-content\/uploads\/2023\/02\/Blick-ins-Glottertal.jpg' src='https:\/\/scharbachhof-glottertal.de\/wp-content\/uploads\/2023\/02\/Blick-ins-Glottertal.jpg' width='1000' height='450' \/><span class='icon fa fa-zoom'><\/span><div class='caption-block'><div class='text-wrapper'><span class='title'>Blick ins Glottertal<\/span><span class='text'>Blick ins Glottertal<\/span><\/div><\/div><\/a><div class='ftg-social'><\/div><\/div><div  class='tile ftg-preload  '><a title=\"Winter-Idylle\" data-lightbox='ftg-44' rel='ftg-44'  class=' tile-inner  ftg-lightbox' href='https:\/\/scharbachhof-glottertal.de\/wp-content\/uploads\/2023\/02\/Auch-im-Winter-reizvoll.jpg' ><img alt='Winter-Idylle' class='item skip-lazy' data-class='item' data-ftg-source='https:\/\/scharbachhof-glottertal.de\/wp-content\/uploads\/2023\/02\/Auch-im-Winter-reizvoll.jpg' src='https:\/\/scharbachhof-glottertal.de\/wp-content\/uploads\/2023\/02\/Auch-im-Winter-reizvoll.jpg' width='800' height='600' \/><span class='icon fa fa-zoom'><\/span><div class='caption-block'><div class='text-wrapper'><span class='title'>Winter-Idylle<\/span><span class='text'>Winter-Idylle<\/span><\/div><\/div><\/a><div class='ftg-social'><\/div><\/div><div  class='tile ftg-preload  '><a title=\"Wandern im F\u00f6hrental\" data-lightbox='ftg-44' rel='ftg-44'  class=' tile-inner  ftg-lightbox' href='https:\/\/scharbachhof-glottertal.de\/wp-content\/uploads\/2023\/02\/webWandern-im-Foehrental.jpg' ><img alt='Wandern im F\u00f6hrental' class='item skip-lazy' data-class='item' data-ftg-source='https:\/\/scharbachhof-glottertal.de\/wp-content\/uploads\/2023\/02\/webWandern-im-Foehrental.jpg' src='https:\/\/scharbachhof-glottertal.de\/wp-content\/uploads\/2023\/02\/webWandern-im-Foehrental.jpg' width='1000' height='450' \/><span class='icon fa fa-zoom'><\/span><div class='caption-block'><div class='text-wrapper'><span class='title'>Wandern im F\u00f6hrental<\/span><span class='text'>Wandern im F\u00f6hrental<\/span><\/div><\/div><\/a><div class='ftg-social'><\/div><\/div><div  class='tile ftg-preload  '><a title=\"Sommersonnenwende\" data-lightbox='ftg-44' rel='ftg-44'  class=' tile-inner  ftg-lightbox' href='https:\/\/scharbachhof-glottertal.de\/wp-content\/uploads\/2023\/02\/webSonnenwende.jpg' ><img alt='Sommersonnenwende' class='item skip-lazy' data-class='item' data-ftg-source='https:\/\/scharbachhof-glottertal.de\/wp-content\/uploads\/2023\/02\/webSonnenwende.jpg' src='https:\/\/scharbachhof-glottertal.de\/wp-content\/uploads\/2023\/02\/webSonnenwende.jpg' width='1000' height='486' \/><span class='icon fa fa-zoom'><\/span><div class='caption-block'><div class='text-wrapper'><span class='title'>Sommersonnenwende<\/span><span class='text'>Sommersonnenwende<\/span><\/div><\/div><\/a><div class='ftg-social'><\/div><\/div><div  class='tile ftg-preload  '><a title=\"Rebhisli-Tour\" data-lightbox='ftg-44' rel='ftg-44'  class=' tile-inner  ftg-lightbox' href='https:\/\/scharbachhof-glottertal.de\/wp-content\/uploads\/2023\/02\/webRebhisliTour.jpg' ><img alt='Rebhisli-Tour' class='item skip-lazy' data-class='item' data-ftg-source='https:\/\/scharbachhof-glottertal.de\/wp-content\/uploads\/2023\/02\/webRebhisliTour.jpg' src='https:\/\/scharbachhof-glottertal.de\/wp-content\/uploads\/2023\/02\/webRebhisliTour.jpg' width='1000' height='450' \/><span class='icon fa fa-zoom'><\/span><div class='caption-block'><div class='text-wrapper'><span class='title'>Rebhisli-Tour<\/span><span class='text'>Rebhisli-Tour<\/span><\/div><\/div><\/a><div class='ftg-social'><\/div><\/div><div  class='tile ftg-preload  '><a title=\"Auf dem Kandel\" data-lightbox='ftg-44' rel='ftg-44'  class=' tile-inner  ftg-lightbox' href='https:\/\/scharbachhof-glottertal.de\/wp-content\/uploads\/2023\/02\/webKandel.jpg' ><img alt='Auf dem Kandel' class='item skip-lazy' data-class='item' data-ftg-source='https:\/\/scharbachhof-glottertal.de\/wp-content\/uploads\/2023\/02\/webKandel.jpg' src='https:\/\/scharbachhof-glottertal.de\/wp-content\/uploads\/2023\/02\/webKandel.jpg' width='1000' height='450' \/><span class='icon fa fa-zoom'><\/span><div class='caption-block'><div class='text-wrapper'><span class='title'>Auf dem Kandel<\/span><span class='text'>Auf dem Kandel<\/span><\/div><\/div><\/a><div class='ftg-social'><\/div><\/div><div  class='tile ftg-preload  '><a title=\"Der nah gelegene Einkaufsmarkt\" data-lightbox='ftg-44' rel='ftg-44'  class=' tile-inner  ftg-lightbox' href='https:\/\/scharbachhof-glottertal.de\/wp-content\/uploads\/2023\/02\/REWE.jpg' ><img alt='Der nah gelegene Einkaufsmarkt' class='item skip-lazy' data-class='item' data-ftg-source='https:\/\/scharbachhof-glottertal.de\/wp-content\/uploads\/2023\/02\/REWE.jpg' src='https:\/\/scharbachhof-glottertal.de\/wp-content\/uploads\/2023\/02\/REWE.jpg' width='800' height='449' \/><span class='icon fa fa-zoom'><\/span><div class='caption-block'><div class='text-wrapper'><span class='title'>Der nah gelegene Einkaufsmarkt<\/span><span class='text'>Der nah gelegene Einkaufsmarkt<\/span><\/div><\/div><\/a><div class='ftg-social'><\/div><\/div><div  class='tile ftg-preload  '><a title=\"Panorama Bad\" data-lightbox='ftg-44' rel='ftg-44'  class=' tile-inner  ftg-lightbox' href='https:\/\/scharbachhof-glottertal.de\/wp-content\/uploads\/2023\/02\/Freibad3.jpg' ><img alt='Panorama Bad' class='item skip-lazy' data-class='item' data-ftg-source='https:\/\/scharbachhof-glottertal.de\/wp-content\/uploads\/2023\/02\/Freibad3.jpg' src='https:\/\/scharbachhof-glottertal.de\/wp-content\/uploads\/2023\/02\/Freibad3.jpg' width='800' height='360' \/><span class='icon fa fa-zoom'><\/span><div class='caption-block'><div class='text-wrapper'><span class='title'>Panorama Bad<\/span><span class='text'>Panorama Bad<\/span><\/div><\/div><\/a><div class='ftg-social'><\/div><\/div><div  class='tile ftg-preload  '><a title=\"Zeit zum Erholen\" data-lightbox='ftg-44' rel='ftg-44'  class=' tile-inner  ftg-lightbox' href='https:\/\/scharbachhof-glottertal.de\/wp-content\/uploads\/2023\/02\/Freibad2.jpg' ><img alt='Zeit zum Erholen' class='item skip-lazy' data-class='item' data-ftg-source='https:\/\/scharbachhof-glottertal.de\/wp-content\/uploads\/2023\/02\/Freibad2.jpg' src='https:\/\/scharbachhof-glottertal.de\/wp-content\/uploads\/2023\/02\/Freibad2.jpg' width='800' height='360' \/><span class='icon fa fa-zoom'><\/span><div class='caption-block'><div class='text-wrapper'><span class='title'>Zeit zum Erholen<\/span><span class='text'>Zeit zum Erholen<\/span><\/div><\/div><\/a><div class='ftg-social'><\/div><\/div><div  class='tile ftg-preload  '><a title=\"Freibad Glottertal\" data-lightbox='ftg-44' rel='ftg-44'  class=' tile-inner  ftg-lightbox' href='https:\/\/scharbachhof-glottertal.de\/wp-content\/uploads\/2023\/02\/Freibad1.jpg' ><img alt='Freibad Glottertal' class='item skip-lazy' data-class='item' data-ftg-source='https:\/\/scharbachhof-glottertal.de\/wp-content\/uploads\/2023\/02\/Freibad1.jpg' src='https:\/\/scharbachhof-glottertal.de\/wp-content\/uploads\/2023\/02\/Freibad1.jpg' width='800' height='360' \/><span class='icon fa fa-zoom'><\/span><div class='caption-block'><div class='text-wrapper'><span class='title'>Freibad Glottertal<\/span><span class='text'>Freibad Glottertal<\/span><\/div><\/div><\/a><div class='ftg-social'><\/div><\/div><\/div><\/div>\n\n\n\n<hr class=\"wp-block-separator has-alpha-channel-opacity\"\/>\n\n\n\n<div class=\"wp-block-columns is-layout-flex wp-container-core-columns-is-layout-9d6595d7 wp-block-columns-is-layout-flex\">\n<div class=\"wp-block-column is-layout-flow wp-block-column-is-layout-flow\">\n<p class=\"has-medium-font-size\"><em>Wir freuen uns, Sie bei uns auf dem Scharbachhof begr\u00fc\u00dfen zu d\u00fcrfen,<\/em><\/p>\n\n\n\n<p class=\"has-medium-font-size\"><em>Ihre<\/em><\/p>\n\n\n\n<p class=\"has-medium-font-size\"><em>Familie Herbstritt<\/em><\/p>\n<\/div>\n\n\n\n<div class=\"wp-block-column is-layout-flow wp-block-column-is-layout-flow\"><div class=\"wp-block-image is-style-default\">\n<figure class=\"aligncenter size-large is-resized\"><img loading=\"lazy\" decoding=\"async\" width=\"714\" height=\"1024\" src=\"https:\/\/scharbachhof-glottertal.de\/wp-content\/uploads\/2023\/02\/2022fam_herbstritt-714x1024.jpg\" alt=\"\" class=\"wp-image-180\" style=\"width:250px;height:358px\" srcset=\"https:\/\/scharbachhof-glottertal.de\/wp-content\/uploads\/2023\/02\/2022fam_herbstritt-714x1024.jpg 714w, https:\/\/scharbachhof-glottertal.de\/wp-content\/uploads\/2023\/02\/2022fam_herbstritt-209x300.jpg 209w, https:\/\/scharbachhof-glottertal.de\/wp-content\/uploads\/2023\/02\/2022fam_herbstritt-768x1101.jpg 768w, https:\/\/scharbachhof-glottertal.de\/wp-content\/uploads\/2023\/02\/2022fam_herbstritt.jpg 1000w\" sizes=\"auto, (max-width: 714px) 100vw, 714px\" \/><figcaption class=\"wp-element-caption\">Familie Herbstritt<\/figcaption><\/figure>\n<\/div><\/div>\n<\/div>\n\n\n\n<p><\/p>\n","protected":false},"excerpt":{"rendered":"<p>Erholen Sie sich im Glottertal &#8211; unsere Ferienwohnungen liegen etwas abseits &#8211; aber zentrumsnah &#8211; auf unserem Hof, umgeben von Streuobstwiesen. In n\u00e4chster Umgebung finden Sie auch unsere Damwild-Herde. Auch die Tradition des &#8222;Schnapsbrennens&#8220; wird bei uns aufrecht erhalten. Der Scharbachhof im Herzen des Glottertals&nbsp;<a class=\"read-more\" href=\"https:\/\/scharbachhof-glottertal.de\/\">&hellip;<\/a><\/p>\n","protected":false},"author":1,"featured_media":0,"parent":0,"menu_order":0,"comment_status":"closed","ping_status":"open","template":"","meta":{"footnotes":""},"class_list":["post-5","page","type-page","status-publish","hentry"],"_links":{"self":[{"href":"https:\/\/scharbachhof-glottertal.de\/index.php?rest_route=\/wp\/v2\/pages\/5","targetHints":{"allow":["GET"]}}],"collection":[{"href":"https:\/\/scharbachhof-glottertal.de\/index.php?rest_route=\/wp\/v2\/pages"}],"about":[{"href":"https:\/\/scharbachhof-glottertal.de\/index.php?rest_route=\/wp\/v2\/types\/page"}],"author":[{"embeddable":true,"href":"https:\/\/scharbachhof-glottertal.de\/index.php?rest_route=\/wp\/v2\/users\/1"}],"replies":[{"embeddable":true,"href":"https:\/\/scharbachhof-glottertal.de\/index.php?rest_route=%2Fwp%2Fv2%2Fcomments&post=5"}],"version-history":[{"count":20,"href":"https:\/\/scharbachhof-glottertal.de\/index.php?rest_route=\/wp\/v2\/pages\/5\/revisions"}],"predecessor-version":[{"id":265,"href":"https:\/\/scharbachhof-glottertal.de\/index.php?rest_route=\/wp\/v2\/pages\/5\/revisions\/265"}],"wp:attachment":[{"href":"https:\/\/scharbachhof-glottertal.de\/index.php?rest_route=%2Fwp%2Fv2%2Fmedia&parent=5"}],"curies":[{"name":"wp","href":"https:\/\/api.w.org\/{rel}","templated":true}]}}