{"id":44,"date":"2023-02-10T18:42:52","date_gmt":"2023-02-10T18:42:52","guid":{"rendered":"https:\/\/scharbachhof-glottertal.de\/?page_id=44"},"modified":"2025-01-23T14:15:19","modified_gmt":"2025-01-23T14:15:19","slug":"hausbrennerei","status":"publish","type":"page","link":"https:\/\/scharbachhof-glottertal.de\/?page_id=44","title":{"rendered":"Hausbrennerei"},"content":{"rendered":"\n<p>In unserer Hausbrennerei veredeln wir unser eigenes Obst in edle Br\u00e4nde und Lik\u00f6r. Gerne schicken wir Ihnen unsere K\u00f6stlichkeiten auch nach Hause. Interesse an einer Schnapsprobe? Sprechen Sie uns an!<\/p>\n\n\n\n<h3 class=\"wp-block-heading\">Obstbr\u00e4nde von Glottert\u00e4ler Streuobstwiesen<\/h3>\n\n\n\n<figure class=\"wp-block-table is-style-stripes\"><table class=\"has-fixed-layout\"><thead><tr><th><\/th><th>Alkohol<\/th><th>0,7 l<\/th><th>0,35 l<\/th><\/tr><\/thead><tbody><tr><td><strong>Obstbrand<\/strong><\/td><td>40% vol<\/td><td>14 \u20ac<\/td><td><\/td><\/tr><tr><td><strong>Weinhefe<\/strong><\/td><td>40% vol<\/td><td>14 \u20ac<\/td><td><\/td><\/tr><tr><td><strong>Kr\u00e4uterschnaps<\/strong><\/td><td>40% vol<\/td><td>14 \u20ac<\/td><td><\/td><\/tr><tr><td><strong>Mirabelle<\/strong><\/td><td>40% vol<\/td><td>18 \u20ac<\/td><td>13 \u20ac<\/td><\/tr><tr><td><strong>Himbeergeist<\/strong><\/td><td>40% vol<\/td><td>18 \u20ac<\/td><td>13 \u20ac<\/td><\/tr><tr><td><strong>Kirschwasser<\/strong><\/td><td>40% vol<\/td><td>18 \u20ac<\/td><td>13 \u20ac<\/td><\/tr><tr><td><strong>Williams Christ<\/strong><\/td><td>40% vol<\/td><td>19 \u20ac<\/td><td>14 \u20ac<\/td><\/tr><\/tbody><\/table><figcaption class=\"wp-element-caption\">Stand 10\/2024<\/figcaption><\/figure>\n\n\n\n<p class=\"has-small-font-size\">Alle Preise verstehen sich inkl.19% Mehrwertsteuer ab Hof \/ alle Angaben ohne Gew\u00e4hr.<\/p>\n\n\n\n<hr class=\"wp-block-separator has-alpha-channel-opacity\"\/>\n\n\n\n<h3 class=\"wp-block-heading\">Unsere besonderen Spezialit\u00e4ten<\/h3>\n\n\n\n<figure class=\"wp-block-table is-style-stripes\"><table class=\"has-fixed-layout\"><thead><tr><th><\/th><th>Alkohol<\/th><th>0,5 l<\/th><th>0,35 l<\/th><\/tr><\/thead><tbody><tr><td><strong>Sauerkirschwasser<\/strong><\/td><td>40% vol<\/td><td>20 \u20ac<\/td><td><\/td><\/tr><tr><td><strong>Zib\u00e4rtle<\/strong><\/td><td>40% vol<\/td><td>20 \u20ac<\/td><td>16 \u20ac<\/td><\/tr><tr><td><strong>Nusslik\u00f6r<\/strong><\/td><td>32% vol<\/td><td><\/td><td>16 \u20ac<\/td><\/tr><tr><td><strong>Kirschlik\u00f6r<\/strong><\/td><td>25% vol<\/td><td><\/td><td>14 \u20ac<\/td><\/tr><\/tbody><\/table><figcaption class=\"wp-element-caption\">Stand 10\/2024<\/figcaption><\/figure>\n\n\n\n<p class=\"has-small-font-size\">Alle Preise verstehen sich inkl.19% Mehrwertsteuer ab Hof \/ alle Angaben ohne Gew\u00e4hr.<\/p>\n\n\n\n<hr class=\"wp-block-separator has-alpha-channel-opacity\"\/>\n\n\n\n<p><strong>Ein Blick in unsere Probierstube\u2026<\/strong><\/p>\n\n\n\n<!-- Final Tiles Grid Gallery for WordPress v3.6.13 free --><style>#ftg-22 .tile .icon { color:#ffffff; }#ftg-22 .ftg-items .loading-bar i { background:#666; }#ftg-22 .ftg-items .loading-bar { background:#fff; }#ftg-22 .tile .icon { font-size:12px; }#ftg-22 .tile .icon { margin: -6px 0 0 -6px; }#ftg-22 .tile .caption-block .text-wrapper span.text { font-size:12px; }#ftg-22 .tile .caption-outside .text-wrapper span.text { font-size:12px; }#ftg-22 .tile .caption-block .text-wrapper span.title { font-size:14px; }#ftg-22 .tile .caption-outside .text-wrapper span.title { font-size:14px; }#ftg-22 .tile { background-color: transparent; }#ftg-22 .tile .caption-block .text-wrapper span.text { color: #ffffff; }#ftg-22 .tile .caption-block .text-wrapper span.title { color: #ffffff; }#ftg-22 .tile .caption-outside .text-wrapper span.text { color: #ffffff; }#ftg-22 .tile .caption-outside .text-wrapper span.title { color: #ffffff; }#ftg-22 .tile .ftg-social a { color: #ffffff; }#ftg-22 .tile .caption-block { transition-duration:0.25s; }#ftg-22 .tile .tile-inner:before { background-color: #000000; }#ftg-22 .tile .tile-inner:before { background-color: rgba(0, 0, 0, 0.8); }#ftg-22 .tile:hover img {-moz-transform: -moz-rotate(0deg) -moz-scale(0) ;-webkit-transform: -webkit-rotate(0deg) -webkit-scale(0) ;-o-transform: -o-rotate(0deg) -o-scale(0) ;-ms-transform: -ms-rotate(0deg) -ms-scale(0) ;transform: rotate(0deg) scale(0) ;}<\/style><a name=\"2\"><\/a><div class=\"final-tiles-gallery  ftg-hover-enabled caption-inside  caption-none caption-middle caption-center\" id=\"ftg-22\" style=\"width: 100%\"><div class='ftg-items'><div class='loading-bar'><i><\/i><\/div><div  class='tile ftg-preload  '><a title=\"Hier k\u00f6nnen Sie probieren\" data-lightbox='ftg-22' rel='ftg-22'  class=' tile-inner  ftg-lightbox' href='https:\/\/scharbachhof-glottertal.de\/wp-content\/uploads\/2023\/02\/Hier-koennen-Sie-probieren.jpg' ><img alt='Hier k\u00f6nnen Sie probieren' class='item skip-lazy' data-class='item' data-ftg-source='https:\/\/scharbachhof-glottertal.de\/wp-content\/uploads\/2023\/02\/Hier-koennen-Sie-probieren.jpg' src='https:\/\/scharbachhof-glottertal.de\/wp-content\/uploads\/2023\/02\/Hier-koennen-Sie-probieren.jpg' width='600' height='450' \/><div class='caption-block'><div class='text-wrapper'><span class='title'>Hier k\u00f6nnen Sie probieren<\/span><span class='text'>Hier k\u00f6nnen Sie probieren<\/span><\/div><\/div><\/a><div class='ftg-social'><\/div><\/div><div  class='tile ftg-preload  '><a title=\"Eine kleine Auswahl\" data-lightbox='ftg-22' rel='ftg-22'  class=' tile-inner  ftg-lightbox' href='https:\/\/scharbachhof-glottertal.de\/wp-content\/uploads\/2023\/02\/Eine-kleine-Auswahl.jpg' ><img alt='Eine kleine Auswahl' class='item skip-lazy' data-class='item' data-ftg-source='https:\/\/scharbachhof-glottertal.de\/wp-content\/uploads\/2023\/02\/Eine-kleine-Auswahl.jpg' src='https:\/\/scharbachhof-glottertal.de\/wp-content\/uploads\/2023\/02\/Eine-kleine-Auswahl.jpg' width='600' height='800' \/><div class='caption-block'><div class='text-wrapper'><span class='title'>Eine kleine Auswahl<\/span><span class='text'>Eine kleine Auswahl<\/span><\/div><\/div><\/a><div class='ftg-social'><\/div><\/div><div  class='tile ftg-preload  '><a title=\"Hier entstehen die K\u00f6stlichkeiten\" data-lightbox='ftg-22' rel='ftg-22'  class=' tile-inner  ftg-lightbox' href='https:\/\/scharbachhof-glottertal.de\/wp-content\/uploads\/2023\/02\/Brennen2.jpg' ><img alt='Hier entstehen die K\u00f6stlichkeiten' class='item skip-lazy' data-class='item' data-ftg-source='https:\/\/scharbachhof-glottertal.de\/wp-content\/uploads\/2023\/02\/Brennen2.jpg' src='https:\/\/scharbachhof-glottertal.de\/wp-content\/uploads\/2023\/02\/Brennen2.jpg' width='350' height='263' \/><div class='caption-block'><div class='text-wrapper'><span class='title'>Hier entstehen die K\u00f6stlichkeiten<\/span><span class='text'>Hier entstehen die K\u00f6stlichkeiten<\/span><\/div><\/div><\/a><div class='ftg-social'><\/div><\/div><div  class='tile ftg-preload  '><a title=\"Wo das Obst veredelt wird\" data-lightbox='ftg-22' rel='ftg-22'  class=' tile-inner  ftg-lightbox' href='https:\/\/scharbachhof-glottertal.de\/wp-content\/uploads\/2023\/02\/Brennen1.jpg' ><img alt='Wo das Obst veredelt wird' class='item skip-lazy' data-class='item' data-ftg-source='https:\/\/scharbachhof-glottertal.de\/wp-content\/uploads\/2023\/02\/Brennen1.jpg' src='https:\/\/scharbachhof-glottertal.de\/wp-content\/uploads\/2023\/02\/Brennen1.jpg' width='263' height='351' \/><div class='caption-block'><div class='text-wrapper'><span class='title'>Wo das Obst veredelt wird<\/span><span class='text'>Wo das Obst veredelt wird<\/span><\/div><\/div><\/a><div class='ftg-social'><\/div><\/div><div  class='tile ftg-preload  '><a title=\"Herzlich willkommen\" data-lightbox='ftg-22' rel='ftg-22'  class=' tile-inner  ftg-lightbox' href='https:\/\/scharbachhof-glottertal.de\/wp-content\/uploads\/2023\/02\/Herzlich-willkommen-786x1024.jpg' ><img alt='Herzlich willkommen' class='item skip-lazy' data-class='item' data-ftg-source='https:\/\/scharbachhof-glottertal.de\/wp-content\/uploads\/2023\/02\/Herzlich-willkommen-786x1024.jpg' src='https:\/\/scharbachhof-glottertal.de\/wp-content\/uploads\/2023\/02\/Herzlich-willkommen-786x1024.jpg' width='786' height='1024' \/><div class='caption-block'><div class='text-wrapper'><span class='title'>Herzlich willkommen<\/span><span class='text'>Herzlich willkommen<\/span><\/div><\/div><\/a><div class='ftg-social'><\/div><\/div><\/div><\/div>\n\n\n\n<p><\/p>\n","protected":false},"excerpt":{"rendered":"<p>In unserer Hausbrennerei veredeln wir unser eigenes Obst in edle Br\u00e4nde und Lik\u00f6r. Gerne schicken wir Ihnen unsere K\u00f6stlichkeiten auch nach Hause. Interesse an einer Schnapsprobe? Sprechen Sie uns an! Obstbr\u00e4nde von Glottert\u00e4ler Streuobstwiesen Alkohol 0,7 l 0,35 l Obstbrand 40% vol 14 \u20ac Weinhefe&nbsp;<a class=\"read-more\" href=\"https:\/\/scharbachhof-glottertal.de\/?page_id=44\">&hellip;<\/a><\/p>\n","protected":false},"author":1,"featured_media":45,"parent":0,"menu_order":0,"comment_status":"closed","ping_status":"closed","template":"","meta":{"footnotes":""},"class_list":["post-44","page","type-page","status-publish","has-post-thumbnail","hentry"],"_links":{"self":[{"href":"https:\/\/scharbachhof-glottertal.de\/index.php?rest_route=\/wp\/v2\/pages\/44","targetHints":{"allow":["GET"]}}],"collection":[{"href":"https:\/\/scharbachhof-glottertal.de\/index.php?rest_route=\/wp\/v2\/pages"}],"about":[{"href":"https:\/\/scharbachhof-glottertal.de\/index.php?rest_route=\/wp\/v2\/types\/page"}],"author":[{"embeddable":true,"href":"https:\/\/scharbachhof-glottertal.de\/index.php?rest_route=\/wp\/v2\/users\/1"}],"replies":[{"embeddable":true,"href":"https:\/\/scharbachhof-glottertal.de\/index.php?rest_route=%2Fwp%2Fv2%2Fcomments&post=44"}],"version-history":[{"count":17,"href":"https:\/\/scharbachhof-glottertal.de\/index.php?rest_route=\/wp\/v2\/pages\/44\/revisions"}],"predecessor-version":[{"id":247,"href":"https:\/\/scharbachhof-glottertal.de\/index.php?rest_route=\/wp\/v2\/pages\/44\/revisions\/247"}],"wp:featuredmedia":[{"embeddable":true,"href":"https:\/\/scharbachhof-glottertal.de\/index.php?rest_route=\/wp\/v2\/media\/45"}],"wp:attachment":[{"href":"https:\/\/scharbachhof-glottertal.de\/index.php?rest_route=%2Fwp%2Fv2%2Fmedia&parent=44"}],"curies":[{"name":"wp","href":"https:\/\/api.w.org\/{rel}","templated":true}]}}