{"id":3,"date":"2023-02-10T18:08:32","date_gmt":"2023-02-10T18:08:32","guid":{"rendered":"https:\/\/scharbachhof-glottertal.de\/?page_id=3"},"modified":"2023-02-10T18:58:13","modified_gmt":"2023-02-10T18:58:13","slug":"privacy-policy","status":"publish","type":"page","link":"https:\/\/scharbachhof-glottertal.de\/?page_id=3","title":{"rendered":"Datenschutzerkl\u00e4rung"},"content":{"rendered":"\n<p><strong>Datenschutz<\/strong><br>Verantwortlicher gem. Art. 4 Abs. 7 EU-Datenschutz-Grundverordnung (DS-GVO) sind<br>Karl-Josef und Gabi Herbstritt<br>Ahlenbachweg 4<br>79286 Glottertal <br>Tel: 07684\/241<br>Fax. 07684\/90 8859<br>Email: <a rel=\"noreferrer noopener\" href=\"mailto:info@Scharbachhof.de\" target=\"_blank\">info@Scharbachhof.de<\/a> <br>Bei Ihrer Kontaktaufnahme mit uns per E-Mail oder \u00fcber ein Kontaktformular werden die von Ihnen<br>mitgeteilten Daten (Ihre E-Mail-Adresse, ggf. Ihr Name und Ihre Telefonnummer, ggf. Alter der Kinder)<br>von uns gespeichert, um Ihre Fragen zu beantworten. Die in diesem Zusammenhang anfallenden<br>Daten l\u00f6schen wir, nachdem die Speicherung nicht mehr erforderlich ist, oderschr\u00e4nken die<br>Verarbeitung ein, falls gesetzliche Aufbewahrungspflichten bestehen.<br>Bei Nutzung des Kontaktformulars oder anderer Formulare auf unserer Seite erfolgt die Preisgabe der<br>pers\u00f6nlichen Daten seitens des Nutzers auf ausdr\u00fccklich freiwilliger Basis. Die Inanspruchnahme aller<br>angebotenen Dienste ist \u2013 soweit technisch m\u00f6glich und zumutbar \u2013 auch ohne Angabe solcher Daten<br>bzw. unter Angabe anonymisierter Daten oder eines Pseudonyms gestattet. Die Nutzung der im<br>Rahmen des Impressums oder vergleichbarer Angaben ver\u00f6ffentlichten Kontaktdaten wie<br>Postanschriften, Telefon- und Faxnummern sowie eMailadressen durch Dritte zur \u00dcbersendung von<br>nicht ausdr\u00fccklich angeforderten Informationen ist nicht gestattet. Rechtliche Schritte gegen die<br>Versender von sogenannten Spam-Mails bei Verst\u00f6\u00dfen gegen dieses Verbot sind ausdr\u00fccklich<br>vorbehalten.<\/p>\n\n\n\n<p><br><strong>Datenschutz \u2013 Cookies<\/strong><br>Unsere Internetseiten verwenden teilweise sogenannte Cookies. Cookies sind kleine Textdateien, die<br>auf Ihrem Rechner abgelegt werden und die Ihr Internetprogramm (\u201eBrowser\u201c) speichert. Kommen Sie auf<br>unsere Internetseiten zur\u00fcck, sendet Ihr Internetprogramm diese Cookies und deren Inhalt an unseren<br>Server zur\u00fcck.<br>Die meisten der von uns verwendeten Cookies sind sogenannte \u201eSession-Cookies\u201c. Sie werden<br>automatisch gel\u00f6scht, wenn Sie Ihr Internetprogramm schliessen. Andere Cookies bleiben auf Ihrem<br>Endger\u00e4t gespeichert, bis Sie diese l\u00f6schen. Diese Cookies erm\u00f6glichen es uns, Ihren Browser beim<br>n\u00e4chsten Besuch wiederzuerkennen. Weitere Cookies werden nach einer gewissen Zeit automatisch<br>gel\u00f6scht. Sie k\u00f6nnen in Ihrem Internetprogramm jederzeit nachschauen, welche Cookies gesetzt wurden<br>und wie lange diese g\u00fctig bleiben.<br>Sie k\u00f6nnen Ihren Browser so einstellen, dass Sie \u00fcber das Setzen von Cookies informiert werden und<br>Cookies nur im Einzelfall erlauben, die Annahme von Cookies f\u00fcr bestimmte F\u00e4lle oder generell<br>ausschlie\u00dfen sowie das automatische L\u00f6schen der Cookies beim Schlie\u00dfen des Browser aktivieren. Bei der<br>Deaktivierung von Cookies kann die Funktionalit\u00e4t dieser Website eingeschr\u00e4nkt sein.<br>Cookies richten insbesondere auf Ihrem Rechner keinen Schaden an und enthalten keine Viren. Cookies<br>dienen dazu, unser Angebot nutzerfreundlicher, effektiver und sicherer zu machen.<\/p>\n\n\n\n<p><br><strong>Datenschutz \u2013 Server-Logfiles<\/strong><br>Wenn Sie sich auf unseren Seiten bewegen, sendet Ihr Internetprogramm (\u201eBrowser\u201c) fortw\u00e4hrend Daten<br>und Informationen an den Server, die dort zur Identifizierung von Problemen und Fehlern, aber auch zur<br>Analyse des Nutzungsverhaltens in sogenannten Server-Logfiles gespeichert werden. \u00dcbermittelt werden<br>Browsertyp\/ Browserversion\/ teilweise Informationen zu Plugins, verwendetes Betriebssystem, die zuletzt<br>besuchte Seite (Referrer URL), Hostname bzw. IP-Adresse des zugreifenden Rechners, Uhrzeit und Datum<br>der Serveranfrage und welche Datei aufgerufen wurde (\u201eInternetseite\u201c, Grafiken, Videos etc.). Je nach<br>Browser\/ installierten AddOns\/ pers\u00f6nlichen Einstellungen k\u00f6nnen auch abweichende Informationen<br>\u00fcbertragen werden. Alle diese Daten sind nicht (!) bestimmten Personen zuordenbar. Eine Zusammenf\u00fchrung dieser Daten mit anderen Datenquellen wird nicht vorgenommen. Wir behalten uns vor, diese Daten nachtr\u00e4glich zu pr\u00fcfen, wenn uns konkrete Anhaltspunkte f\u00fcr eine rechtswidrige Nutzung bekannt werden.<\/p>\n\n\n\n<p><br><strong>Datenschutz \u2013 Auskunft, L\u00f6schung, Sperrung<\/strong><br>Sie haben jederzeit das Recht auf unentgeltliche Auskunft \u00fcber Ihre gespeicherten personenbezogenen<br>Daten, deren Herkunft und Empf\u00e4nger und den Zweck der Datenverarbeitung sowie ein Recht auf<br>Berichtigung, Sperrung oder L\u00f6schung dieser Daten. Hierzu sowie zu weiteren Fragen zum Thema<br>personenbezogene Daten k\u00f6nnen Sie sich jederzeit unter der im Impressum angegebenen Adresse an uns wenden.<\/p>\n\n\n\n<p><br><strong>Rechtswirksamkeit dieses Haftungsausschlusses<\/strong><br>Dieser Haftungsausschluss ist als Teil des Internetangebotes zu betrachten, von dem aus auf diese Seite<br>verwiesen wurde. Sofern Teile oder einzelne Formulierungen dieses Textes der geltenden Rechtslage nicht,<br>nicht mehr oder nicht vollst\u00e4ndig entsprechen sollten, bleiben die \u00fcbrigen Teile des Dokumentes in ihrem<br>Inhalt und ihrer G\u00fcltigkeit davon unber\u00fchrt.<\/p>\n","protected":false},"excerpt":{"rendered":"<p>DatenschutzVerantwortlicher gem. Art. 4 Abs. 7 EU-Datenschutz-Grundverordnung (DS-GVO) sindKarl-Josef und Gabi HerbstrittAhlenbachweg 479286 Glottertal Tel: 07684\/241Fax. 07684\/90 8859Email: info@Scharbachhof.de Bei Ihrer Kontaktaufnahme mit uns per E-Mail oder \u00fcber ein Kontaktformular werden die von Ihnenmitgeteilten Daten (Ihre E-Mail-Adresse, ggf. Ihr Name und Ihre Telefonnummer, ggf. Alter&nbsp;<a class=\"read-more\" href=\"https:\/\/scharbachhof-glottertal.de\/?page_id=3\">&hellip;<\/a><\/p>\n","protected":false},"author":1,"featured_media":0,"parent":0,"menu_order":0,"comment_status":"closed","ping_status":"open","template":"","meta":{"footnotes":""},"class_list":["post-3","page","type-page","status-publish","hentry"],"_links":{"self":[{"href":"https:\/\/scharbachhof-glottertal.de\/index.php?rest_route=\/wp\/v2\/pages\/3","targetHints":{"allow":["GET"]}}],"collection":[{"href":"https:\/\/scharbachhof-glottertal.de\/index.php?rest_route=\/wp\/v2\/pages"}],"about":[{"href":"https:\/\/scharbachhof-glottertal.de\/index.php?rest_route=\/wp\/v2\/types\/page"}],"author":[{"embeddable":true,"href":"https:\/\/scharbachhof-glottertal.de\/index.php?rest_route=\/wp\/v2\/users\/1"}],"replies":[{"embeddable":true,"href":"https:\/\/scharbachhof-glottertal.de\/index.php?rest_route=%2Fwp%2Fv2%2Fcomments&post=3"}],"version-history":[{"count":1,"href":"https:\/\/scharbachhof-glottertal.de\/index.php?rest_route=\/wp\/v2\/pages\/3\/revisions"}],"predecessor-version":[{"id":53,"href":"https:\/\/scharbachhof-glottertal.de\/index.php?rest_route=\/wp\/v2\/pages\/3\/revisions\/53"}],"wp:attachment":[{"href":"https:\/\/scharbachhof-glottertal.de\/index.php?rest_route=%2Fwp%2Fv2%2Fmedia&parent=3"}],"curies":[{"name":"wp","href":"https:\/\/api.w.org\/{rel}","templated":true}]}}