{"id":111,"date":"2023-02-10T20:59:16","date_gmt":"2023-02-10T20:59:16","guid":{"rendered":"https:\/\/scharbachhof-glottertal.de\/?page_id=111"},"modified":"2024-10-19T15:28:57","modified_gmt":"2024-10-19T15:28:57","slug":"wohnung-4","status":"publish","type":"page","link":"https:\/\/scharbachhof-glottertal.de\/?page_id=111","title":{"rendered":"Wohnung 4"},"content":{"rendered":"\n<p>50 m im 1. Obergeschoss, bis 4 Personen, Wohnraum mit K\u00fcche, SAT-TV, WLAN, DU\/WC, zwei separate Schlafzimmer (Kinderzimmer mit zwei Einzelbetten \u2013 Durchgangszimmer), gro\u00dfer Balkon nach zwei Seiten mit Gartenm\u00f6beln.<\/p>\n\n\n\n<p><strong>Grundriss<\/strong>:<\/p>\n\n\n\n<figure class=\"wp-block-image size-full\"><img loading=\"lazy\" decoding=\"async\" width=\"500\" height=\"353\" src=\"https:\/\/scharbachhof-glottertal.de\/wp-content\/uploads\/2023\/02\/whg3_4.gif\" alt=\"\" class=\"wp-image-105\"\/><\/figure>\n\n\n\n<p><strong>Ausstattung:<\/strong><\/p>\n\n\n\n<ul class=\"wp-block-list\">\n<li>K\u00fcche: Herd, Backofen, K\u00fchlschrank, Sp\u00fclmaschine, Kaffeemaschine (mit Pads), Eierkocher, Wasserkocher, Toaster und Geschirr. Sp\u00fclmittel, Sp\u00fclmaschinen-Tabs und Geschirrt\u00fccher sind vorhanden.<\/li>\n\n\n\n<li>Preis: f\u00fcr zwei Personen ab 62 \u20ac pro \u00dcbernachtung inklusive Bettw\u00e4sche,<\/li>\n\n\n\n<li>Handt\u00fccher und Endreinigung zuz\u00fcglich Kurtaxe.* Jede weitere Person 8 \u20ac pro \u00dcbernachtung, zuz\u00fcglich Kurtaxe*. Kinder unter 6 Jahren sind frei.<\/li>\n\n\n\n<li>Haustiere auf Anfrage (10 \u20ac pro \u00dcbernachtung).<\/li>\n<\/ul>\n\n\n\n<p class=\"has-small-font-size\">*Kurtaxe 2,10 \u20ac pro Person \/ \u00dcbernachtung f\u00fcr Erwachsene und Kinder ab 16 Jahren<\/p>\n","protected":false},"excerpt":{"rendered":"<p>50 m im 1. Obergeschoss, bis 4 Personen, Wohnraum mit K\u00fcche, SAT-TV, WLAN, DU\/WC, zwei separate Schlafzimmer (Kinderzimmer mit zwei Einzelbetten \u2013 Durchgangszimmer), gro\u00dfer Balkon nach zwei Seiten mit Gartenm\u00f6beln. Grundriss: Ausstattung: *Kurtaxe 2,10 \u20ac pro Person \/ \u00dcbernachtung f\u00fcr Erwachsene und Kinder ab 16&nbsp;<a class=\"read-more\" href=\"https:\/\/scharbachhof-glottertal.de\/?page_id=111\">&hellip;<\/a><\/p>\n","protected":false},"author":1,"featured_media":0,"parent":0,"menu_order":0,"comment_status":"closed","ping_status":"closed","template":"","meta":{"footnotes":""},"class_list":["post-111","page","type-page","status-publish","hentry"],"_links":{"self":[{"href":"https:\/\/scharbachhof-glottertal.de\/index.php?rest_route=\/wp\/v2\/pages\/111","targetHints":{"allow":["GET"]}}],"collection":[{"href":"https:\/\/scharbachhof-glottertal.de\/index.php?rest_route=\/wp\/v2\/pages"}],"about":[{"href":"https:\/\/scharbachhof-glottertal.de\/index.php?rest_route=\/wp\/v2\/types\/page"}],"author":[{"embeddable":true,"href":"https:\/\/scharbachhof-glottertal.de\/index.php?rest_route=\/wp\/v2\/users\/1"}],"replies":[{"embeddable":true,"href":"https:\/\/scharbachhof-glottertal.de\/index.php?rest_route=%2Fwp%2Fv2%2Fcomments&post=111"}],"version-history":[{"count":5,"href":"https:\/\/scharbachhof-glottertal.de\/index.php?rest_route=\/wp\/v2\/pages\/111\/revisions"}],"predecessor-version":[{"id":242,"href":"https:\/\/scharbachhof-glottertal.de\/index.php?rest_route=\/wp\/v2\/pages\/111\/revisions\/242"}],"wp:attachment":[{"href":"https:\/\/scharbachhof-glottertal.de\/index.php?rest_route=%2Fwp%2Fv2%2Fmedia&parent=111"}],"curies":[{"name":"wp","href":"https:\/\/api.w.org\/{rel}","templated":true}]}}